{"id":370,"date":"2024-02-28T08:00:33","date_gmt":"2024-02-28T08:00:33","guid":{"rendered":"https:\/\/grogersolution.hu\/?page_id=370"},"modified":"2024-09-18T08:35:13","modified_gmt":"2024-09-18T08:35:13","slug":"web-development","status":"publish","type":"page","link":"https:\/\/grogersolution.com\/en\/web-development\/","title":{"rendered":"Creating a website"},"content":{"rendered":"<div id=\"pl-370\"  class=\"panel-layout\" ><div id=\"pg-370-0\"  class=\"panel-grid panel-no-style\" ><div id=\"pgc-370-0-0\"  class=\"panel-grid-cell\" ><div id=\"panel-370-0-0-0\" class=\"so-panel widget widget_sow-headline panel-first-child\" data-index=\"0\" ><div class=\"panel-widget-style panel-widget-style-for-370-0-0-0\" ><div\n\t\t\t\n\t\t\tclass=\"so-widget-sow-headline so-widget-sow-headline-default-f4012ad9f7d2-370\"\n\t\t\t\n\t\t><div class=\"sow-headline-container\">\n\t\t\t\t\t\t\t<h1 class=\"sow-headline\">\n\t\t\t\t\t\tOur vision\t\t\t\t\t\t<\/h1>\n\t\t\t\t\t\t\t\t\t\t\t\t<p class=\"sow-sub-headline\">\n\t\t\t\t\t\tNowadays, an online appearance is essential for every small and large business. We can help with this with unique, personalized websites, whether it&#039;s your company&#039;s website or your own personal website.\t\t\t\t\t\t<\/p>\n\t\t\t\t\t\t<\/div>\n<\/div><\/div><\/div><div id=\"panel-370-0-0-1\" class=\"so-panel widget widget_sow-headline\" data-index=\"1\" ><div class=\"panel-widget-style panel-widget-style-for-370-0-0-1\" ><div\n\t\t\t\n\t\t\tclass=\"so-widget-sow-headline so-widget-sow-headline-default-f4012ad9f7d2-370\"\n\t\t\t\n\t\t><div class=\"sow-headline-container\">\n\t\t\t\t\t\t\t<p class=\"sow-sub-headline\">\n\t\t\t\t\t\tIn all cases, we choose the most modern technologies so that your website loads quickly and ranks as high as possible on the search engine results list. (e.g. Google)\t\t\t\t\t\t<\/p>\n\t\t\t\t\t\t<\/div>\n<\/div><\/div><\/div><div id=\"panel-370-0-0-2\" class=\"so-panel widget widget_sow-headline panel-last-child\" data-index=\"2\" ><div class=\"panel-widget-style panel-widget-style-for-370-0-0-2\" ><div\n\t\t\t\n\t\t\tclass=\"so-widget-sow-headline so-widget-sow-headline-default-f4012ad9f7d2-370\"\n\t\t\t\n\t\t><div class=\"sow-headline-container\">\n\t\t\t\t\t\t\t<p class=\"sow-sub-headline\">\n\t\t\t\t\t\t In case of a simple static site, we prefer wordpress in the first place, in case of more complex, multi-functional sites, laravel technology is preferred due to its modernity and developability. Of course, we are also happy to develop with any other technologies in case of individual needs. (e.g. ASP.NET, JavaSpring, React JS, Node JS, Joomla, etc.)\t\t\t\t\t\t<\/p>\n\t\t\t\t\t\t<\/div>\n<\/div><\/div><\/div><\/div><\/div><div id=\"pg-370-1\"  class=\"panel-grid panel-no-style\" ><div id=\"pgc-370-1-0\"  class=\"panel-grid-cell\" ><div id=\"panel-370-1-0-0\" class=\"so-panel widget widget_sow-button panel-first-child panel-last-child\" data-index=\"3\" ><div\n\t\t\t\n\t\t\tclass=\"so-widget-sow-button so-widget-sow-button-flat-52683cc0d9df-370\"\n\t\t\t\n\t\t><div class=\"ow-button-base ow-button-align-center\"\n>\n\t\t\t<a\n\t\t\t\t\thref=\"https:\/\/grogersolution.com\/en\/contact-us\/\"\n\t\t\t\t\tclass=\"sowb-button ow-icon-placement-left ow-button-hover\" \t>\n\t\t<span>\n\t\t\t\n\t\t\tContact us\t\t<\/span>\n\t\t\t<\/a>\n\t<\/div>\n<\/div><\/div><\/div><\/div><\/div>","protected":false},"excerpt":{"rendered":"<p>Our Vision Today, an online presence is essential for every small or large company. We can help you with unique, personalized websites, whether it is your business website or a website for your own personal use. In all cases, we choose the most modern technologies to ensure that your website loads quickly,<a class=\"read-more\" href=\"https:\/\/grogersolution.com\/en\/web-development\/\">Read More<\/a><\/p>","protected":false},"author":1,"featured_media":0,"parent":0,"menu_order":0,"comment_status":"closed","ping_status":"closed","template":"","meta":{"_monsterinsights_skip_tracking":false,"_monsterinsights_sitenote_active":false,"_monsterinsights_sitenote_note":"","_monsterinsights_sitenote_category":0,"footnotes":""},"class_list":["post-370","page","type-page","status-publish","hentry"],"yoast_head":"<!-- This site is optimized with the Yoast SEO plugin v27.4 - https:\/\/yoast.com\/product\/yoast-seo-wordpress\/ -->\n<title>Honlap k\u00e9sz\u00edt\u00e9s - Groger Solution<\/title>\n<meta name=\"robots\" content=\"index, follow, max-snippet:-1, max-image-preview:large, max-video-preview:-1\" \/>\n<link rel=\"canonical\" href=\"https:\/\/grogersolution.com\/en\/web-development\/\" \/>\n<meta property=\"og:locale\" content=\"en_GB\" \/>\n<meta property=\"og:type\" content=\"article\" \/>\n<meta property=\"og:title\" content=\"Honlap k\u00e9sz\u00edt\u00e9s - Groger Solution\" \/>\n<meta property=\"og:description\" content=\"V\u00edzi\u00f3nk Ma m\u00e1r minden kisebb nagyobb v\u00e1llkoz\u00e1sn\u00e1l n\u00e9lk\u00fcl\u00f6zhetetlen az online megjelen\u00e9s. Ebben tudunk seg\u00edteni egyedi, szem\u00e9lyre szabott honlapokkal, legyen az v\u00e1llalkoz\u00e1s\u00e1nak honlapja vagy saj\u00e1t mag\u00e1n c\u00e9lra sz\u00e1nt honlap. Mi minden esetben a legkorszer\u0171bb teknol\u00f3gi\u00e1kat v\u00e1lasztjuk, hogy honlapja gyors bet\u00f6lt\u00e9s\u0171 legyen,Read More\" \/>\n<meta property=\"og:url\" content=\"https:\/\/grogersolution.com\/en\/web-development\/\" \/>\n<meta property=\"og:site_name\" content=\"Groger Solution\" \/>\n<meta property=\"article:modified_time\" content=\"2024-09-18T08:35:13+00:00\" \/>\n<meta property=\"og:image\" content=\"https:\/\/grogersolution.com\/wp-content\/uploads\/2024\/02\/logo-1.png\" \/>\n\t<meta property=\"og:image:width\" content=\"886\" \/>\n\t<meta property=\"og:image:height\" content=\"163\" \/>\n\t<meta property=\"og:image:type\" content=\"image\/png\" \/>\n<meta name=\"twitter:card\" content=\"summary_large_image\" \/>\n<meta name=\"twitter:label1\" content=\"Estimated reading time\" \/>\n\t<meta name=\"twitter:data1\" content=\"1 minute\" \/>\n<script type=\"application\/ld+json\" class=\"yoast-schema-graph\">{\"@context\":\"https:\\\/\\\/schema.org\",\"@graph\":[{\"@type\":\"WebPage\",\"@id\":\"https:\\\/\\\/grogersolution.com\\\/hu\\\/web-development\\\/\",\"url\":\"https:\\\/\\\/grogersolution.com\\\/hu\\\/web-development\\\/\",\"name\":\"Honlap k\u00e9sz\u00edt\u00e9s - Groger Solution\",\"isPartOf\":{\"@id\":\"https:\\\/\\\/grogersolution.com\\\/en\\\/#website\"},\"datePublished\":\"2024-02-28T08:00:33+00:00\",\"dateModified\":\"2024-09-18T08:35:13+00:00\",\"breadcrumb\":{\"@id\":\"https:\\\/\\\/grogersolution.com\\\/hu\\\/web-development\\\/#breadcrumb\"},\"inLanguage\":\"en-GB\",\"potentialAction\":[{\"@type\":\"ReadAction\",\"target\":[\"https:\\\/\\\/grogersolution.com\\\/hu\\\/web-development\\\/\"]}]},{\"@type\":\"BreadcrumbList\",\"@id\":\"https:\\\/\\\/grogersolution.com\\\/hu\\\/web-development\\\/#breadcrumb\",\"itemListElement\":[{\"@type\":\"ListItem\",\"position\":1,\"name\":\"Home\",\"item\":\"https:\\\/\\\/grogersolution.com\\\/en\\\/\"},{\"@type\":\"ListItem\",\"position\":2,\"name\":\"Honlap k\u00e9sz\u00edt\u00e9s\"}]},{\"@type\":\"WebSite\",\"@id\":\"https:\\\/\\\/grogersolution.com\\\/en\\\/#website\",\"url\":\"https:\\\/\\\/grogersolution.com\\\/en\\\/\",\"name\":\"Groger Solution\",\"description\":\"Web development and IT solutions\",\"publisher\":{\"@id\":\"https:\\\/\\\/grogersolution.com\\\/en\\\/#organization\"},\"potentialAction\":[{\"@type\":\"SearchAction\",\"target\":{\"@type\":\"EntryPoint\",\"urlTemplate\":\"https:\\\/\\\/grogersolution.com\\\/en\\\/?s={search_term_string}\"},\"query-input\":{\"@type\":\"PropertyValueSpecification\",\"valueRequired\":true,\"valueName\":\"search_term_string\"}}],\"inLanguage\":\"en-GB\"},{\"@type\":\"Organization\",\"@id\":\"https:\\\/\\\/grogersolution.com\\\/en\\\/#organization\",\"name\":\"Groger Solution\",\"url\":\"https:\\\/\\\/grogersolution.com\\\/en\\\/\",\"logo\":{\"@type\":\"ImageObject\",\"inLanguage\":\"en-GB\",\"@id\":\"https:\\\/\\\/grogersolution.com\\\/en\\\/#\\\/schema\\\/logo\\\/image\\\/\",\"url\":\"https:\\\/\\\/grogersolution.com\\\/wp-content\\\/uploads\\\/2024\\\/02\\\/logo-groger-solution.png\",\"contentUrl\":\"https:\\\/\\\/grogersolution.com\\\/wp-content\\\/uploads\\\/2024\\\/02\\\/logo-groger-solution.png\",\"width\":885,\"height\":162,\"caption\":\"Groger Solution\"},\"image\":{\"@id\":\"https:\\\/\\\/grogersolution.com\\\/en\\\/#\\\/schema\\\/logo\\\/image\\\/\"}}]}<\/script>\n<!-- \/ Yoast SEO plugin. -->","yoast_head_json":{"title":"Honlap k\u00e9sz\u00edt\u00e9s - Groger Solution","robots":{"index":"index","follow":"follow","max-snippet":"max-snippet:-1","max-image-preview":"max-image-preview:large","max-video-preview":"max-video-preview:-1"},"canonical":"https:\/\/grogersolution.com\/en\/web-development\/","og_locale":"en_GB","og_type":"article","og_title":"Honlap k\u00e9sz\u00edt\u00e9s - Groger Solution","og_description":"V\u00edzi\u00f3nk Ma m\u00e1r minden kisebb nagyobb v\u00e1llkoz\u00e1sn\u00e1l n\u00e9lk\u00fcl\u00f6zhetetlen az online megjelen\u00e9s. Ebben tudunk seg\u00edteni egyedi, szem\u00e9lyre szabott honlapokkal, legyen az v\u00e1llalkoz\u00e1s\u00e1nak honlapja vagy saj\u00e1t mag\u00e1n c\u00e9lra sz\u00e1nt honlap. Mi minden esetben a legkorszer\u0171bb teknol\u00f3gi\u00e1kat v\u00e1lasztjuk, hogy honlapja gyors bet\u00f6lt\u00e9s\u0171 legyen,Read More","og_url":"https:\/\/grogersolution.com\/en\/web-development\/","og_site_name":"Groger Solution","article_modified_time":"2024-09-18T08:35:13+00:00","og_image":[{"width":886,"height":163,"url":"https:\/\/grogersolution.com\/wp-content\/uploads\/2024\/02\/logo-1.png","type":"image\/png"}],"twitter_card":"summary_large_image","twitter_misc":{"Estimated reading time":"1 minute"},"schema":{"@context":"https:\/\/schema.org","@graph":[{"@type":"WebPage","@id":"https:\/\/grogersolution.com\/hu\/web-development\/","url":"https:\/\/grogersolution.com\/hu\/web-development\/","name":"Honlap k\u00e9sz\u00edt\u00e9s - Groger Solution","isPartOf":{"@id":"https:\/\/grogersolution.com\/en\/#website"},"datePublished":"2024-02-28T08:00:33+00:00","dateModified":"2024-09-18T08:35:13+00:00","breadcrumb":{"@id":"https:\/\/grogersolution.com\/hu\/web-development\/#breadcrumb"},"inLanguage":"en-GB","potentialAction":[{"@type":"ReadAction","target":["https:\/\/grogersolution.com\/hu\/web-development\/"]}]},{"@type":"BreadcrumbList","@id":"https:\/\/grogersolution.com\/hu\/web-development\/#breadcrumb","itemListElement":[{"@type":"ListItem","position":1,"name":"Home","item":"https:\/\/grogersolution.com\/en\/"},{"@type":"ListItem","position":2,"name":"Honlap k\u00e9sz\u00edt\u00e9s"}]},{"@type":"WebSite","@id":"https:\/\/grogersolution.com\/en\/#website","url":"https:\/\/grogersolution.com\/en\/","name":"Groger Solution","description":"Web development and IT solutions","publisher":{"@id":"https:\/\/grogersolution.com\/en\/#organization"},"potentialAction":[{"@type":"SearchAction","target":{"@type":"EntryPoint","urlTemplate":"https:\/\/grogersolution.com\/en\/?s={search_term_string}"},"query-input":{"@type":"PropertyValueSpecification","valueRequired":true,"valueName":"search_term_string"}}],"inLanguage":"en-GB"},{"@type":"Organization","@id":"https:\/\/grogersolution.com\/en\/#organization","name":"Groger Solution","url":"https:\/\/grogersolution.com\/en\/","logo":{"@type":"ImageObject","inLanguage":"en-GB","@id":"https:\/\/grogersolution.com\/en\/#\/schema\/logo\/image\/","url":"https:\/\/grogersolution.com\/wp-content\/uploads\/2024\/02\/logo-groger-solution.png","contentUrl":"https:\/\/grogersolution.com\/wp-content\/uploads\/2024\/02\/logo-groger-solution.png","width":885,"height":162,"caption":"Groger Solution"},"image":{"@id":"https:\/\/grogersolution.com\/en\/#\/schema\/logo\/image\/"}}]}},"_links":{"self":[{"href":"https:\/\/grogersolution.com\/en\/wp-json\/wp\/v2\/pages\/370","targetHints":{"allow":["GET"]}}],"collection":[{"href":"https:\/\/grogersolution.com\/en\/wp-json\/wp\/v2\/pages"}],"about":[{"href":"https:\/\/grogersolution.com\/en\/wp-json\/wp\/v2\/types\/page"}],"author":[{"embeddable":true,"href":"https:\/\/grogersolution.com\/en\/wp-json\/wp\/v2\/users\/1"}],"replies":[{"embeddable":true,"href":"https:\/\/grogersolution.com\/en\/wp-json\/wp\/v2\/comments?post=370"}],"version-history":[{"count":18,"href":"https:\/\/grogersolution.com\/en\/wp-json\/wp\/v2\/pages\/370\/revisions"}],"predecessor-version":[{"id":645,"href":"https:\/\/grogersolution.com\/en\/wp-json\/wp\/v2\/pages\/370\/revisions\/645"}],"wp:attachment":[{"href":"https:\/\/grogersolution.com\/en\/wp-json\/wp\/v2\/media?parent=370"}],"curies":[{"name":"wp","href":"https:\/\/api.w.org\/{rel}","templated":true}]}}