{"id":464,"date":"2024-04-02T07:36:40","date_gmt":"2024-04-02T07:36:40","guid":{"rendered":"https:\/\/grogersolution.hu\/?page_id=464"},"modified":"2024-09-18T08:35:00","modified_gmt":"2024-09-18T08:35:00","slug":"app-development","status":"publish","type":"page","link":"https:\/\/grogersolution.com\/en\/app-development\/","title":{"rendered":"Application development"},"content":{"rendered":"<div id=\"pl-464\"  class=\"panel-layout\" ><div id=\"pg-464-0\"  class=\"panel-grid panel-no-style\" ><div id=\"pgc-464-0-0\"  class=\"panel-grid-cell\" ><div id=\"panel-464-0-0-0\" class=\"so-panel widget widget_sow-headline panel-first-child\" data-index=\"0\" ><div class=\"panel-widget-style panel-widget-style-for-464-0-0-0\" ><div\n\t\t\t\n\t\t\tclass=\"so-widget-sow-headline so-widget-sow-headline-default-f4012ad9f7d2-464\"\n\t\t\t\n\t\t><div class=\"sow-headline-container\">\n\t\t\t\t\t\t\t<h1 class=\"sow-headline\">\n\t\t\t\t\t\tOur vision\t\t\t\t\t\t<\/h1>\n\t\t\t\t\t\t\t\t\t\t\t\t<p class=\"sow-sub-headline\">\n\t\t\t\t\t\tIf you need an application, we will be happy to develop it for you. Depending on the problem and your needs, we can develop the application for a computer, a mobile phone, or a web browser that can be accessed from anywhere.\t\t\t\t\t\t<\/p>\n\t\t\t\t\t\t<\/div>\n<\/div><\/div><\/div><div id=\"panel-464-0-0-1\" class=\"so-panel widget widget_sow-headline\" data-index=\"1\" ><div class=\"panel-widget-style panel-widget-style-for-464-0-0-1\" ><div\n\t\t\t\n\t\t\tclass=\"so-widget-sow-headline so-widget-sow-headline-default-f4012ad9f7d2-464\"\n\t\t\t\n\t\t><div class=\"sow-headline-container\">\n\t\t\t\t\t\t\t<p class=\"sow-sub-headline\">\n\t\t\t\t\t\tIn case of mobile phones, we can develop to Android and iOS, and using cross-platform technology, we can develop to both Android and iOS. And for more cost-effective, simpler mobile phone applications, we use the new, popular Progressive Web Application (PWA).\t\t\t\t\t\t<\/p>\n\t\t\t\t\t\t<\/div>\n<\/div><\/div><\/div><div id=\"panel-464-0-0-2\" class=\"so-panel widget widget_sow-headline panel-last-child\" data-index=\"2\" ><div class=\"panel-widget-style panel-widget-style-for-464-0-0-2\" ><div\n\t\t\t\n\t\t\tclass=\"so-widget-sow-headline so-widget-sow-headline-default-f4012ad9f7d2-464\"\n\t\t\t\n\t\t><div class=\"sow-headline-container\">\n\t\t\t\t\t\t\t<p class=\"sow-sub-headline\">\n\t\t\t\t\t\tFor desktop applications, we recommend C#, while for web applications, we recommend the laravel framework.\t\t\t\t\t\t<\/p>\n\t\t\t\t\t\t<\/div>\n<\/div><\/div><\/div><\/div><\/div><div id=\"pg-464-1\"  class=\"panel-grid panel-no-style\" ><div id=\"pgc-464-1-0\"  class=\"panel-grid-cell\" ><div id=\"panel-464-1-0-0\" class=\"so-panel widget widget_sow-button panel-first-child panel-last-child\" data-index=\"3\" ><div\n\t\t\t\n\t\t\tclass=\"so-widget-sow-button so-widget-sow-button-flat-52683cc0d9df-464\"\n\t\t\t\n\t\t><div class=\"ow-button-base ow-button-align-center\"\n>\n\t\t\t<a\n\t\t\t\t\thref=\"https:\/\/grogersolution.com\/en\/contact-us\/\"\n\t\t\t\t\tclass=\"sowb-button ow-icon-placement-left ow-button-hover\" \t>\n\t\t<span>\n\t\t\t\n\t\t\tContact us\t\t<\/span>\n\t\t\t<\/a>\n\t<\/div>\n<\/div><\/div><\/div><\/div><\/div>","protected":false},"excerpt":{"rendered":"<p>Our Vision If you need an application, we will be happy to develop it for you. Depending on the problem and need, we can develop the application for a desktop computer, mobile phone, or web accessible from anywhere via a browser. In the case of mobile phones, we can develop it for Android, iOS, or using cross-platform technology for both Android and iOS.<a class=\"read-more\" href=\"https:\/\/grogersolution.com\/en\/app-development\/\">Read More<\/a><\/p>","protected":false},"author":1,"featured_media":0,"parent":0,"menu_order":0,"comment_status":"closed","ping_status":"closed","template":"","meta":{"_monsterinsights_skip_tracking":false,"_monsterinsights_sitenote_active":false,"_monsterinsights_sitenote_note":"","_monsterinsights_sitenote_category":0,"footnotes":""},"class_list":["post-464","page","type-page","status-publish","hentry"],"yoast_head":"<!-- This site is optimized with the Yoast SEO plugin v27.4 - https:\/\/yoast.com\/product\/yoast-seo-wordpress\/ -->\n<title>Alkalmaz\u00e1s fejleszt\u00e9s - Groger Solution<\/title>\n<meta name=\"description\" content=\"Alkalmaz\u00e1s fejleszt\u00e9s mobiltelefonra (android, iOS), sz\u00e1m\u00edt\u00f3g\u00e9pre (desktop), vagy webre. B\u00e1rmilyen alkalmaz\u00e1st gyorsan \u00e9s hat\u00e9konyan lefejleszt\u00fcnk.\" \/>\n<meta name=\"robots\" content=\"index, follow, max-snippet:-1, max-image-preview:large, max-video-preview:-1\" \/>\n<link rel=\"canonical\" href=\"https:\/\/grogersolution.com\/en\/app-development\/\" \/>\n<meta property=\"og:locale\" content=\"en_GB\" \/>\n<meta property=\"og:type\" content=\"article\" \/>\n<meta property=\"og:title\" content=\"Alkalmaz\u00e1s fejleszt\u00e9s - Groger Solution\" \/>\n<meta property=\"og:description\" content=\"Alkalmaz\u00e1s fejleszt\u00e9s mobiltelefonra (android, iOS), sz\u00e1m\u00edt\u00f3g\u00e9pre (desktop), vagy webre. B\u00e1rmilyen alkalmaz\u00e1st gyorsan \u00e9s hat\u00e9konyan lefejleszt\u00fcnk.\" \/>\n<meta property=\"og:url\" content=\"https:\/\/grogersolution.com\/en\/app-development\/\" \/>\n<meta property=\"og:site_name\" content=\"Groger Solution\" \/>\n<meta property=\"article:modified_time\" content=\"2024-09-18T08:35:00+00:00\" \/>\n<meta property=\"og:image\" content=\"https:\/\/grogersolution.com\/wp-content\/uploads\/2024\/02\/logo-1.png\" \/>\n\t<meta property=\"og:image:width\" content=\"886\" \/>\n\t<meta property=\"og:image:height\" content=\"163\" \/>\n\t<meta property=\"og:image:type\" content=\"image\/png\" \/>\n<meta name=\"twitter:card\" content=\"summary_large_image\" \/>\n<meta name=\"twitter:label1\" content=\"Estimated reading time\" \/>\n\t<meta name=\"twitter:data1\" content=\"1 minute\" \/>\n<script type=\"application\/ld+json\" class=\"yoast-schema-graph\">{\"@context\":\"https:\\\/\\\/schema.org\",\"@graph\":[{\"@type\":\"WebPage\",\"@id\":\"https:\\\/\\\/grogersolution.com\\\/hu\\\/app-development\\\/\",\"url\":\"https:\\\/\\\/grogersolution.com\\\/hu\\\/app-development\\\/\",\"name\":\"Alkalmaz\u00e1s fejleszt\u00e9s - Groger Solution\",\"isPartOf\":{\"@id\":\"https:\\\/\\\/grogersolution.com\\\/en\\\/#website\"},\"datePublished\":\"2024-04-02T07:36:40+00:00\",\"dateModified\":\"2024-09-18T08:35:00+00:00\",\"description\":\"Alkalmaz\u00e1s fejleszt\u00e9s mobiltelefonra (android, iOS), sz\u00e1m\u00edt\u00f3g\u00e9pre (desktop), vagy webre. B\u00e1rmilyen alkalmaz\u00e1st gyorsan \u00e9s hat\u00e9konyan lefejleszt\u00fcnk.\",\"breadcrumb\":{\"@id\":\"https:\\\/\\\/grogersolution.com\\\/hu\\\/app-development\\\/#breadcrumb\"},\"inLanguage\":\"en-GB\",\"potentialAction\":[{\"@type\":\"ReadAction\",\"target\":[\"https:\\\/\\\/grogersolution.com\\\/hu\\\/app-development\\\/\"]}]},{\"@type\":\"BreadcrumbList\",\"@id\":\"https:\\\/\\\/grogersolution.com\\\/hu\\\/app-development\\\/#breadcrumb\",\"itemListElement\":[{\"@type\":\"ListItem\",\"position\":1,\"name\":\"Home\",\"item\":\"https:\\\/\\\/grogersolution.com\\\/en\\\/\"},{\"@type\":\"ListItem\",\"position\":2,\"name\":\"Alkalmaz\u00e1s fejleszt\u00e9s\"}]},{\"@type\":\"WebSite\",\"@id\":\"https:\\\/\\\/grogersolution.com\\\/en\\\/#website\",\"url\":\"https:\\\/\\\/grogersolution.com\\\/en\\\/\",\"name\":\"Groger Solution\",\"description\":\"Web development and IT solutions\",\"publisher\":{\"@id\":\"https:\\\/\\\/grogersolution.com\\\/en\\\/#organization\"},\"potentialAction\":[{\"@type\":\"SearchAction\",\"target\":{\"@type\":\"EntryPoint\",\"urlTemplate\":\"https:\\\/\\\/grogersolution.com\\\/en\\\/?s={search_term_string}\"},\"query-input\":{\"@type\":\"PropertyValueSpecification\",\"valueRequired\":true,\"valueName\":\"search_term_string\"}}],\"inLanguage\":\"en-GB\"},{\"@type\":\"Organization\",\"@id\":\"https:\\\/\\\/grogersolution.com\\\/en\\\/#organization\",\"name\":\"Groger Solution\",\"url\":\"https:\\\/\\\/grogersolution.com\\\/en\\\/\",\"logo\":{\"@type\":\"ImageObject\",\"inLanguage\":\"en-GB\",\"@id\":\"https:\\\/\\\/grogersolution.com\\\/en\\\/#\\\/schema\\\/logo\\\/image\\\/\",\"url\":\"https:\\\/\\\/grogersolution.com\\\/wp-content\\\/uploads\\\/2024\\\/02\\\/logo-groger-solution.png\",\"contentUrl\":\"https:\\\/\\\/grogersolution.com\\\/wp-content\\\/uploads\\\/2024\\\/02\\\/logo-groger-solution.png\",\"width\":885,\"height\":162,\"caption\":\"Groger Solution\"},\"image\":{\"@id\":\"https:\\\/\\\/grogersolution.com\\\/en\\\/#\\\/schema\\\/logo\\\/image\\\/\"}}]}<\/script>\n<!-- \/ Yoast SEO plugin. -->","yoast_head_json":{"title":"Alkalmaz\u00e1s fejleszt\u00e9s - Groger Solution","description":"Alkalmaz\u00e1s fejleszt\u00e9s mobiltelefonra (android, iOS), sz\u00e1m\u00edt\u00f3g\u00e9pre (desktop), vagy webre. B\u00e1rmilyen alkalmaz\u00e1st gyorsan \u00e9s hat\u00e9konyan lefejleszt\u00fcnk.","robots":{"index":"index","follow":"follow","max-snippet":"max-snippet:-1","max-image-preview":"max-image-preview:large","max-video-preview":"max-video-preview:-1"},"canonical":"https:\/\/grogersolution.com\/en\/app-development\/","og_locale":"en_GB","og_type":"article","og_title":"Alkalmaz\u00e1s fejleszt\u00e9s - Groger Solution","og_description":"Alkalmaz\u00e1s fejleszt\u00e9s mobiltelefonra (android, iOS), sz\u00e1m\u00edt\u00f3g\u00e9pre (desktop), vagy webre. B\u00e1rmilyen alkalmaz\u00e1st gyorsan \u00e9s hat\u00e9konyan lefejleszt\u00fcnk.","og_url":"https:\/\/grogersolution.com\/en\/app-development\/","og_site_name":"Groger Solution","article_modified_time":"2024-09-18T08:35:00+00:00","og_image":[{"width":886,"height":163,"url":"https:\/\/grogersolution.com\/wp-content\/uploads\/2024\/02\/logo-1.png","type":"image\/png"}],"twitter_card":"summary_large_image","twitter_misc":{"Estimated reading time":"1 minute"},"schema":{"@context":"https:\/\/schema.org","@graph":[{"@type":"WebPage","@id":"https:\/\/grogersolution.com\/hu\/app-development\/","url":"https:\/\/grogersolution.com\/hu\/app-development\/","name":"Alkalmaz\u00e1s fejleszt\u00e9s - Groger Solution","isPartOf":{"@id":"https:\/\/grogersolution.com\/en\/#website"},"datePublished":"2024-04-02T07:36:40+00:00","dateModified":"2024-09-18T08:35:00+00:00","description":"Alkalmaz\u00e1s fejleszt\u00e9s mobiltelefonra (android, iOS), sz\u00e1m\u00edt\u00f3g\u00e9pre (desktop), vagy webre. B\u00e1rmilyen alkalmaz\u00e1st gyorsan \u00e9s hat\u00e9konyan lefejleszt\u00fcnk.","breadcrumb":{"@id":"https:\/\/grogersolution.com\/hu\/app-development\/#breadcrumb"},"inLanguage":"en-GB","potentialAction":[{"@type":"ReadAction","target":["https:\/\/grogersolution.com\/hu\/app-development\/"]}]},{"@type":"BreadcrumbList","@id":"https:\/\/grogersolution.com\/hu\/app-development\/#breadcrumb","itemListElement":[{"@type":"ListItem","position":1,"name":"Home","item":"https:\/\/grogersolution.com\/en\/"},{"@type":"ListItem","position":2,"name":"Alkalmaz\u00e1s fejleszt\u00e9s"}]},{"@type":"WebSite","@id":"https:\/\/grogersolution.com\/en\/#website","url":"https:\/\/grogersolution.com\/en\/","name":"Groger Solution","description":"Web development and IT solutions","publisher":{"@id":"https:\/\/grogersolution.com\/en\/#organization"},"potentialAction":[{"@type":"SearchAction","target":{"@type":"EntryPoint","urlTemplate":"https:\/\/grogersolution.com\/en\/?s={search_term_string}"},"query-input":{"@type":"PropertyValueSpecification","valueRequired":true,"valueName":"search_term_string"}}],"inLanguage":"en-GB"},{"@type":"Organization","@id":"https:\/\/grogersolution.com\/en\/#organization","name":"Groger Solution","url":"https:\/\/grogersolution.com\/en\/","logo":{"@type":"ImageObject","inLanguage":"en-GB","@id":"https:\/\/grogersolution.com\/en\/#\/schema\/logo\/image\/","url":"https:\/\/grogersolution.com\/wp-content\/uploads\/2024\/02\/logo-groger-solution.png","contentUrl":"https:\/\/grogersolution.com\/wp-content\/uploads\/2024\/02\/logo-groger-solution.png","width":885,"height":162,"caption":"Groger Solution"},"image":{"@id":"https:\/\/grogersolution.com\/en\/#\/schema\/logo\/image\/"}}]}},"_links":{"self":[{"href":"https:\/\/grogersolution.com\/en\/wp-json\/wp\/v2\/pages\/464","targetHints":{"allow":["GET"]}}],"collection":[{"href":"https:\/\/grogersolution.com\/en\/wp-json\/wp\/v2\/pages"}],"about":[{"href":"https:\/\/grogersolution.com\/en\/wp-json\/wp\/v2\/types\/page"}],"author":[{"embeddable":true,"href":"https:\/\/grogersolution.com\/en\/wp-json\/wp\/v2\/users\/1"}],"replies":[{"embeddable":true,"href":"https:\/\/grogersolution.com\/en\/wp-json\/wp\/v2\/comments?post=464"}],"version-history":[{"count":6,"href":"https:\/\/grogersolution.com\/en\/wp-json\/wp\/v2\/pages\/464\/revisions"}],"predecessor-version":[{"id":644,"href":"https:\/\/grogersolution.com\/en\/wp-json\/wp\/v2\/pages\/464\/revisions\/644"}],"wp:attachment":[{"href":"https:\/\/grogersolution.com\/en\/wp-json\/wp\/v2\/media?parent=464"}],"curies":[{"name":"wp","href":"https:\/\/api.w.org\/{rel}","templated":true}]}}