{"id":466,"date":"2024-04-02T07:37:32","date_gmt":"2024-04-02T07:37:32","guid":{"rendered":"https:\/\/grogersolution.hu\/?page_id=466"},"modified":"2024-09-18T08:35:28","modified_gmt":"2024-09-18T08:35:28","slug":"enterprise-resource-planning","status":"publish","type":"page","link":"https:\/\/grogersolution.com\/en\/enterprise-resource-planning\/","title":{"rendered":"Enterprise Resource Planning"},"content":{"rendered":"<div id=\"pl-466\"  class=\"panel-layout\" ><div id=\"pg-466-0\"  class=\"panel-grid panel-no-style\" ><div id=\"pgc-466-0-0\"  class=\"panel-grid-cell\" ><div id=\"panel-466-0-0-0\" class=\"so-panel widget widget_sow-headline panel-first-child\" data-index=\"0\" ><div class=\"panel-widget-style panel-widget-style-for-466-0-0-0\" ><div\n\t\t\t\n\t\t\tclass=\"so-widget-sow-headline so-widget-sow-headline-default-f4012ad9f7d2-466\"\n\t\t\t\n\t\t><div class=\"sow-headline-container\">\n\t\t\t\t\t\t\t<h1 class=\"sow-headline\">\n\t\t\t\t\t\tOur vision\t\t\t\t\t\t<\/h1>\n\t\t\t\t\t\t\t\t\t\t\t\t<p class=\"sow-sub-headline\">\n\t\t\t\t\t\tHas your business or company outgrown itself and is already lost in paper-based documents and Excel tables? Would you like to see your company's projects and employee data digitally? Would you be interested in statistical reports on work processes that have already been completed or are currently ongoing for better planning?\t\t\t\t\t\t<\/p>\n\t\t\t\t\t\t<\/div>\n<\/div><\/div><\/div><div id=\"panel-466-0-0-1\" class=\"so-panel widget widget_sow-headline\" data-index=\"1\" ><div class=\"panel-widget-style panel-widget-style-for-466-0-0-1\" ><div\n\t\t\t\n\t\t\tclass=\"so-widget-sow-headline so-widget-sow-headline-default-f4012ad9f7d2-466\"\n\t\t\t\n\t\t><div class=\"sow-headline-container\">\n\t\t\t\t\t\t\t<p class=\"sow-sub-headline\">\n\t\t\t\t\t\tThese, and thousands of other problems can be solved by an Enterprise Resource Planning system designed to your unique business needs. You can digitally manage all the data you want about your business.\t\t\t\t\t\t<\/p>\n\t\t\t\t\t\t<\/div>\n<\/div><\/div><\/div><div id=\"panel-466-0-0-2\" class=\"so-panel widget widget_sow-headline panel-last-child\" data-index=\"2\" ><div class=\"panel-widget-style panel-widget-style-for-466-0-0-2\" ><div\n\t\t\t\n\t\t\tclass=\"so-widget-sow-headline so-widget-sow-headline-default-f4012ad9f7d2-466\"\n\t\t\t\n\t\t><div class=\"sow-headline-container\">\n\t\t\t\t\t\t\t<p class=\"sow-sub-headline\">\n\t\t\t\t\t\tDon't worry if your business expands later, we can easily expand and customize your Enterprise Resource Planning system to solve the fresh problems.\t\t\t\t\t\t<\/p>\n\t\t\t\t\t\t<\/div>\n<\/div><\/div><\/div><\/div><\/div><div id=\"pg-466-1\"  class=\"panel-grid panel-no-style\" ><div id=\"pgc-466-1-0\"  class=\"panel-grid-cell\" ><div id=\"panel-466-1-0-0\" class=\"so-panel widget widget_sow-button panel-first-child panel-last-child\" data-index=\"3\" ><div\n\t\t\t\n\t\t\tclass=\"so-widget-sow-button so-widget-sow-button-flat-52683cc0d9df-466\"\n\t\t\t\n\t\t><div class=\"ow-button-base ow-button-align-center\"\n>\n\t\t\t<a\n\t\t\t\t\thref=\"https:\/\/grogersolution.com\/en\/contact-us\/\"\n\t\t\t\t\tclass=\"sowb-button ow-icon-placement-left ow-button-hover\" \t>\n\t\t<span>\n\t\t\t\n\t\t\tContact us\t\t<\/span>\n\t\t\t<\/a>\n\t<\/div>\n<\/div><\/div><\/div><\/div><\/div>","protected":false},"excerpt":{"rendered":"<p>Our Vision Has your business or company outgrown itself and is getting lost in paper-based documents and Excel spreadsheets? Would you like to see your company&#039;s projects and employee data digitally? Would you be interested in statistical reports on completed or ongoing work processes for better planning? These and thousands of other<a class=\"read-more\" href=\"https:\/\/grogersolution.com\/en\/enterprise-resource-planning\/\">Read More<\/a><\/p>","protected":false},"author":1,"featured_media":0,"parent":0,"menu_order":0,"comment_status":"closed","ping_status":"closed","template":"","meta":{"_monsterinsights_skip_tracking":false,"_monsterinsights_sitenote_active":false,"_monsterinsights_sitenote_note":"","_monsterinsights_sitenote_category":0,"footnotes":""},"class_list":["post-466","page","type-page","status-publish","hentry"],"yoast_head":"<!-- This site is optimized with the Yoast SEO plugin v27.4 - https:\/\/yoast.com\/product\/yoast-seo-wordpress\/ -->\n<title>V\u00e1llalatir\u00e1ny\u00edt\u00e1si rendszerek - Groger Solution<\/title>\n<meta name=\"robots\" content=\"index, follow, max-snippet:-1, max-image-preview:large, max-video-preview:-1\" \/>\n<link rel=\"canonical\" href=\"https:\/\/grogersolution.com\/en\/enterprise-resource-planning\/\" \/>\n<meta property=\"og:locale\" content=\"en_GB\" \/>\n<meta property=\"og:type\" content=\"article\" \/>\n<meta property=\"og:title\" content=\"V\u00e1llalatir\u00e1ny\u00edt\u00e1si rendszerek - Groger Solution\" \/>\n<meta property=\"og:description\" content=\"V\u00edzi\u00f3nk V\u00e1llalkoz\u00e1sa, c\u00e9ge kin\u0151tte mag\u00e1t \u00e9s m\u00e1r elveszik a pap\u00edr alap\u00fa dokumentumokban \u00e9s excel t\u00e1bl\u00e1zatokban? Szeretn\u00e9 digit\u00e1lisan l\u00e1tni c\u00e9ge projektjeit, munkav\u00e1llal\u00f3i adatait? \u00c9rdekeln\u00e9 statisztikai kimutat\u00e1sok a m\u00e1r lez\u00e1rult vagy \u00e9ppen foly\u00f3 munkafolyamatokr\u00f3l a jobb tervezhet\u0151s\u00e9g jav\u00e1ra? Ezeket, illetve ezer m\u00e1sRead More\" \/>\n<meta property=\"og:url\" content=\"https:\/\/grogersolution.com\/en\/enterprise-resource-planning\/\" \/>\n<meta property=\"og:site_name\" content=\"Groger Solution\" \/>\n<meta property=\"article:modified_time\" content=\"2024-09-18T08:35:28+00:00\" \/>\n<meta property=\"og:image\" content=\"https:\/\/grogersolution.com\/wp-content\/uploads\/2024\/02\/logo-1.png\" \/>\n\t<meta property=\"og:image:width\" content=\"886\" \/>\n\t<meta property=\"og:image:height\" content=\"163\" \/>\n\t<meta property=\"og:image:type\" content=\"image\/png\" \/>\n<meta name=\"twitter:card\" content=\"summary_large_image\" \/>\n<meta name=\"twitter:label1\" content=\"Estimated reading time\" \/>\n\t<meta name=\"twitter:data1\" content=\"1 minute\" \/>\n<script type=\"application\/ld+json\" class=\"yoast-schema-graph\">{\"@context\":\"https:\\\/\\\/schema.org\",\"@graph\":[{\"@type\":\"WebPage\",\"@id\":\"https:\\\/\\\/grogersolution.com\\\/hu\\\/enterprise-resource-planning\\\/\",\"url\":\"https:\\\/\\\/grogersolution.com\\\/hu\\\/enterprise-resource-planning\\\/\",\"name\":\"V\u00e1llalatir\u00e1ny\u00edt\u00e1si rendszerek - Groger Solution\",\"isPartOf\":{\"@id\":\"https:\\\/\\\/grogersolution.com\\\/en\\\/#website\"},\"datePublished\":\"2024-04-02T07:37:32+00:00\",\"dateModified\":\"2024-09-18T08:35:28+00:00\",\"breadcrumb\":{\"@id\":\"https:\\\/\\\/grogersolution.com\\\/hu\\\/enterprise-resource-planning\\\/#breadcrumb\"},\"inLanguage\":\"en-GB\",\"potentialAction\":[{\"@type\":\"ReadAction\",\"target\":[\"https:\\\/\\\/grogersolution.com\\\/hu\\\/enterprise-resource-planning\\\/\"]}]},{\"@type\":\"BreadcrumbList\",\"@id\":\"https:\\\/\\\/grogersolution.com\\\/hu\\\/enterprise-resource-planning\\\/#breadcrumb\",\"itemListElement\":[{\"@type\":\"ListItem\",\"position\":1,\"name\":\"Home\",\"item\":\"https:\\\/\\\/grogersolution.com\\\/en\\\/\"},{\"@type\":\"ListItem\",\"position\":2,\"name\":\"V\u00e1llalatir\u00e1ny\u00edt\u00e1si rendszerek\"}]},{\"@type\":\"WebSite\",\"@id\":\"https:\\\/\\\/grogersolution.com\\\/en\\\/#website\",\"url\":\"https:\\\/\\\/grogersolution.com\\\/en\\\/\",\"name\":\"Groger Solution\",\"description\":\"Web development and IT solutions\",\"publisher\":{\"@id\":\"https:\\\/\\\/grogersolution.com\\\/en\\\/#organization\"},\"potentialAction\":[{\"@type\":\"SearchAction\",\"target\":{\"@type\":\"EntryPoint\",\"urlTemplate\":\"https:\\\/\\\/grogersolution.com\\\/en\\\/?s={search_term_string}\"},\"query-input\":{\"@type\":\"PropertyValueSpecification\",\"valueRequired\":true,\"valueName\":\"search_term_string\"}}],\"inLanguage\":\"en-GB\"},{\"@type\":\"Organization\",\"@id\":\"https:\\\/\\\/grogersolution.com\\\/en\\\/#organization\",\"name\":\"Groger Solution\",\"url\":\"https:\\\/\\\/grogersolution.com\\\/en\\\/\",\"logo\":{\"@type\":\"ImageObject\",\"inLanguage\":\"en-GB\",\"@id\":\"https:\\\/\\\/grogersolution.com\\\/en\\\/#\\\/schema\\\/logo\\\/image\\\/\",\"url\":\"https:\\\/\\\/grogersolution.com\\\/wp-content\\\/uploads\\\/2024\\\/02\\\/logo-groger-solution.png\",\"contentUrl\":\"https:\\\/\\\/grogersolution.com\\\/wp-content\\\/uploads\\\/2024\\\/02\\\/logo-groger-solution.png\",\"width\":885,\"height\":162,\"caption\":\"Groger Solution\"},\"image\":{\"@id\":\"https:\\\/\\\/grogersolution.com\\\/en\\\/#\\\/schema\\\/logo\\\/image\\\/\"}}]}<\/script>\n<!-- \/ Yoast SEO plugin. -->","yoast_head_json":{"title":"V\u00e1llalatir\u00e1ny\u00edt\u00e1si rendszerek - Groger Solution","robots":{"index":"index","follow":"follow","max-snippet":"max-snippet:-1","max-image-preview":"max-image-preview:large","max-video-preview":"max-video-preview:-1"},"canonical":"https:\/\/grogersolution.com\/en\/enterprise-resource-planning\/","og_locale":"en_GB","og_type":"article","og_title":"V\u00e1llalatir\u00e1ny\u00edt\u00e1si rendszerek - Groger Solution","og_description":"V\u00edzi\u00f3nk V\u00e1llalkoz\u00e1sa, c\u00e9ge kin\u0151tte mag\u00e1t \u00e9s m\u00e1r elveszik a pap\u00edr alap\u00fa dokumentumokban \u00e9s excel t\u00e1bl\u00e1zatokban? Szeretn\u00e9 digit\u00e1lisan l\u00e1tni c\u00e9ge projektjeit, munkav\u00e1llal\u00f3i adatait? \u00c9rdekeln\u00e9 statisztikai kimutat\u00e1sok a m\u00e1r lez\u00e1rult vagy \u00e9ppen foly\u00f3 munkafolyamatokr\u00f3l a jobb tervezhet\u0151s\u00e9g jav\u00e1ra? Ezeket, illetve ezer m\u00e1sRead More","og_url":"https:\/\/grogersolution.com\/en\/enterprise-resource-planning\/","og_site_name":"Groger Solution","article_modified_time":"2024-09-18T08:35:28+00:00","og_image":[{"width":886,"height":163,"url":"https:\/\/grogersolution.com\/wp-content\/uploads\/2024\/02\/logo-1.png","type":"image\/png"}],"twitter_card":"summary_large_image","twitter_misc":{"Estimated reading time":"1 minute"},"schema":{"@context":"https:\/\/schema.org","@graph":[{"@type":"WebPage","@id":"https:\/\/grogersolution.com\/hu\/enterprise-resource-planning\/","url":"https:\/\/grogersolution.com\/hu\/enterprise-resource-planning\/","name":"V\u00e1llalatir\u00e1ny\u00edt\u00e1si rendszerek - Groger Solution","isPartOf":{"@id":"https:\/\/grogersolution.com\/en\/#website"},"datePublished":"2024-04-02T07:37:32+00:00","dateModified":"2024-09-18T08:35:28+00:00","breadcrumb":{"@id":"https:\/\/grogersolution.com\/hu\/enterprise-resource-planning\/#breadcrumb"},"inLanguage":"en-GB","potentialAction":[{"@type":"ReadAction","target":["https:\/\/grogersolution.com\/hu\/enterprise-resource-planning\/"]}]},{"@type":"BreadcrumbList","@id":"https:\/\/grogersolution.com\/hu\/enterprise-resource-planning\/#breadcrumb","itemListElement":[{"@type":"ListItem","position":1,"name":"Home","item":"https:\/\/grogersolution.com\/en\/"},{"@type":"ListItem","position":2,"name":"V\u00e1llalatir\u00e1ny\u00edt\u00e1si rendszerek"}]},{"@type":"WebSite","@id":"https:\/\/grogersolution.com\/en\/#website","url":"https:\/\/grogersolution.com\/en\/","name":"Groger Solution","description":"Web development and IT solutions","publisher":{"@id":"https:\/\/grogersolution.com\/en\/#organization"},"potentialAction":[{"@type":"SearchAction","target":{"@type":"EntryPoint","urlTemplate":"https:\/\/grogersolution.com\/en\/?s={search_term_string}"},"query-input":{"@type":"PropertyValueSpecification","valueRequired":true,"valueName":"search_term_string"}}],"inLanguage":"en-GB"},{"@type":"Organization","@id":"https:\/\/grogersolution.com\/en\/#organization","name":"Groger Solution","url":"https:\/\/grogersolution.com\/en\/","logo":{"@type":"ImageObject","inLanguage":"en-GB","@id":"https:\/\/grogersolution.com\/en\/#\/schema\/logo\/image\/","url":"https:\/\/grogersolution.com\/wp-content\/uploads\/2024\/02\/logo-groger-solution.png","contentUrl":"https:\/\/grogersolution.com\/wp-content\/uploads\/2024\/02\/logo-groger-solution.png","width":885,"height":162,"caption":"Groger Solution"},"image":{"@id":"https:\/\/grogersolution.com\/en\/#\/schema\/logo\/image\/"}}]}},"_links":{"self":[{"href":"https:\/\/grogersolution.com\/en\/wp-json\/wp\/v2\/pages\/466","targetHints":{"allow":["GET"]}}],"collection":[{"href":"https:\/\/grogersolution.com\/en\/wp-json\/wp\/v2\/pages"}],"about":[{"href":"https:\/\/grogersolution.com\/en\/wp-json\/wp\/v2\/types\/page"}],"author":[{"embeddable":true,"href":"https:\/\/grogersolution.com\/en\/wp-json\/wp\/v2\/users\/1"}],"replies":[{"embeddable":true,"href":"https:\/\/grogersolution.com\/en\/wp-json\/wp\/v2\/comments?post=466"}],"version-history":[{"count":7,"href":"https:\/\/grogersolution.com\/en\/wp-json\/wp\/v2\/pages\/466\/revisions"}],"predecessor-version":[{"id":646,"href":"https:\/\/grogersolution.com\/en\/wp-json\/wp\/v2\/pages\/466\/revisions\/646"}],"wp:attachment":[{"href":"https:\/\/grogersolution.com\/en\/wp-json\/wp\/v2\/media?parent=466"}],"curies":[{"name":"wp","href":"https:\/\/api.w.org\/{rel}","templated":true}]}}