{"id":470,"date":"2024-04-02T07:41:00","date_gmt":"2024-04-02T07:41:00","guid":{"rendered":"https:\/\/grogersolution.hu\/?page_id=470"},"modified":"2024-09-18T08:36:30","modified_gmt":"2024-09-18T08:36:30","slug":"website-maintenance","status":"publish","type":"page","link":"https:\/\/grogersolution.com\/en\/website-maintenance\/","title":{"rendered":"Website maintenance"},"content":{"rendered":"<div id=\"pl-470\"  class=\"panel-layout\" ><div id=\"pg-470-0\"  class=\"panel-grid panel-no-style\" ><div id=\"pgc-470-0-0\"  class=\"panel-grid-cell\" ><div id=\"panel-470-0-0-0\" class=\"so-panel widget widget_sow-headline panel-first-child\" data-index=\"0\" ><div class=\"panel-widget-style panel-widget-style-for-470-0-0-0\" ><div\n\t\t\t\n\t\t\tclass=\"so-widget-sow-headline so-widget-sow-headline-default-f4012ad9f7d2-470\"\n\t\t\t\n\t\t><div class=\"sow-headline-container\">\n\t\t\t\t\t\t\t<h1 class=\"sow-headline\">\n\t\t\t\t\t\tOur vision\t\t\t\t\t\t<\/h1>\n\t\t\t\t\t\t\t\t\t\t\t\t<p class=\"sow-sub-headline\">\n\t\t\t\t\t\tMaintenance and continuous updates are essential for websites nowadays. Outdated websites contain security gaps and errors that malicious hackers can easily exploit.\t\t\t\t\t\t<\/p>\n\t\t\t\t\t\t<\/div>\n<\/div><\/div><\/div><div id=\"panel-470-0-0-1\" class=\"so-panel widget widget_sow-headline\" data-index=\"1\" ><div class=\"panel-widget-style panel-widget-style-for-470-0-0-1\" ><div\n\t\t\t\n\t\t\tclass=\"so-widget-sow-headline so-widget-sow-headline-default-f4012ad9f7d2-470\"\n\t\t\t\n\t\t><div class=\"sow-headline-container\">\n\t\t\t\t\t\t\t<p class=\"sow-sub-headline\">\n\t\t\t\t\t\tIn the best case, they &quot;only&quot; make the site inaccessible, in the worst case, user data can also be leaked. In order to prevent this, it is extremely important to maintain and update the pages and regularly remove viruses from the web server.\t\t\t\t\t\t<\/p>\n\t\t\t\t\t\t<\/div>\n<\/div><\/div><\/div><div id=\"panel-470-0-0-2\" class=\"so-panel widget widget_sow-headline panel-last-child\" data-index=\"2\" ><div class=\"panel-widget-style panel-widget-style-for-470-0-0-2\" ><div\n\t\t\t\n\t\t\tclass=\"so-widget-sow-headline so-widget-sow-headline-default-f4012ad9f7d2-470\"\n\t\t\t\n\t\t><div class=\"sow-headline-container\">\n\t\t\t\t\t\t\t<p class=\"sow-sub-headline\">\n\t\t\t\t\t\tWe can help you with these tasks as well. We also can help you to move your site to a faster, more reliable hosting.\t\t\t\t\t\t<\/p>\n\t\t\t\t\t\t<\/div>\n<\/div><\/div><\/div><\/div><\/div><div id=\"pg-470-1\"  class=\"panel-grid panel-no-style\" ><div id=\"pgc-470-1-0\"  class=\"panel-grid-cell\" ><div id=\"panel-470-1-0-0\" class=\"so-panel widget widget_sow-button panel-first-child panel-last-child\" data-index=\"3\" ><div\n\t\t\t\n\t\t\tclass=\"so-widget-sow-button so-widget-sow-button-flat-52683cc0d9df-470\"\n\t\t\t\n\t\t><div class=\"ow-button-base ow-button-align-center\"\n>\n\t\t\t<a\n\t\t\t\t\thref=\"https:\/\/grogersolution.com\/en\/contact-us\/\"\n\t\t\t\t\tclass=\"sowb-button ow-icon-placement-left ow-button-hover\" \t>\n\t\t<span>\n\t\t\t\n\t\t\tContact us\t\t<\/span>\n\t\t\t<\/a>\n\t<\/div>\n<\/div><\/div><\/div><\/div><\/div>","protected":false},"excerpt":{"rendered":"<p>Our Vision Maintenance and updating are essential tasks for today&#039;s websites. Outdated websites contain security holes and errors that malicious hackers can easily exploit. At best, they &quot;only&quot; make the site inaccessible, at worst, user data can also be leaked. To prevent this<a class=\"read-more\" href=\"https:\/\/grogersolution.com\/en\/website-maintenance\/\">Read More<\/a><\/p>","protected":false},"author":1,"featured_media":0,"parent":0,"menu_order":0,"comment_status":"closed","ping_status":"closed","template":"","meta":{"_monsterinsights_skip_tracking":false,"_monsterinsights_sitenote_active":false,"_monsterinsights_sitenote_note":"","_monsterinsights_sitenote_category":0,"footnotes":""},"class_list":["post-470","page","type-page","status-publish","hentry"],"yoast_head":"<!-- This site is optimized with the Yoast SEO plugin v27.4 - https:\/\/yoast.com\/product\/yoast-seo-wordpress\/ -->\n<title>Honlap karbantart\u00e1s - Groger Solution<\/title>\n<meta name=\"robots\" content=\"index, follow, max-snippet:-1, max-image-preview:large, max-video-preview:-1\" \/>\n<link rel=\"canonical\" href=\"https:\/\/grogersolution.com\/en\/website-maintenance\/\" \/>\n<meta property=\"og:locale\" content=\"en_GB\" \/>\n<meta property=\"og:type\" content=\"article\" \/>\n<meta property=\"og:title\" content=\"Honlap karbantart\u00e1s - Groger Solution\" \/>\n<meta property=\"og:description\" content=\"V\u00edzi\u00f3nk A mai weboldalakn\u00e1l elengedhetetlen teend\u0151 a karbantart\u00e1s, friss\u00edt\u00e9s. Az elavult weboldalak biztons\u00e1gi r\u00e9seket, hib\u00e1kat tartalmaznak, amelyeket rosszindulat\u00fa hackerek k\u00f6nnyed\u00e9n ki tudnak haszn\u00e1lni. J\u00f3 esetben &quot;csak&quot; el\u00e9rhetetlenn\u00e9 teszik az oldalt, rosszabb esetben felhaszn\u00e1l\u00f3i adatok is kisziv\u00e1roghatnak. Ahhoz, hogy ezt megel\u0151zz\u00fckRead More\" \/>\n<meta property=\"og:url\" content=\"https:\/\/grogersolution.com\/en\/website-maintenance\/\" \/>\n<meta property=\"og:site_name\" content=\"Groger Solution\" \/>\n<meta property=\"article:modified_time\" content=\"2024-09-18T08:36:30+00:00\" \/>\n<meta property=\"og:image\" content=\"https:\/\/grogersolution.com\/wp-content\/uploads\/2024\/02\/logo-1.png\" \/>\n\t<meta property=\"og:image:width\" content=\"886\" \/>\n\t<meta property=\"og:image:height\" content=\"163\" \/>\n\t<meta property=\"og:image:type\" content=\"image\/png\" \/>\n<meta name=\"twitter:card\" content=\"summary_large_image\" \/>\n<meta name=\"twitter:label1\" content=\"Estimated reading time\" \/>\n\t<meta name=\"twitter:data1\" content=\"1 minute\" \/>\n<script type=\"application\/ld+json\" class=\"yoast-schema-graph\">{\"@context\":\"https:\\\/\\\/schema.org\",\"@graph\":[{\"@type\":\"WebPage\",\"@id\":\"https:\\\/\\\/grogersolution.com\\\/en\\\/website-maintenance\\\/\",\"url\":\"https:\\\/\\\/grogersolution.com\\\/en\\\/website-maintenance\\\/\",\"name\":\"Honlap karbantart\u00e1s - Groger Solution\",\"isPartOf\":{\"@id\":\"https:\\\/\\\/grogersolution.com\\\/en\\\/#website\"},\"datePublished\":\"2024-04-02T07:41:00+00:00\",\"dateModified\":\"2024-09-18T08:36:30+00:00\",\"breadcrumb\":{\"@id\":\"https:\\\/\\\/grogersolution.com\\\/en\\\/website-maintenance\\\/#breadcrumb\"},\"inLanguage\":\"en-GB\",\"potentialAction\":[{\"@type\":\"ReadAction\",\"target\":[\"https:\\\/\\\/grogersolution.com\\\/en\\\/website-maintenance\\\/\"]}]},{\"@type\":\"BreadcrumbList\",\"@id\":\"https:\\\/\\\/grogersolution.com\\\/en\\\/website-maintenance\\\/#breadcrumb\",\"itemListElement\":[{\"@type\":\"ListItem\",\"position\":1,\"name\":\"Home\",\"item\":\"https:\\\/\\\/grogersolution.com\\\/en\\\/\"},{\"@type\":\"ListItem\",\"position\":2,\"name\":\"Honlap karbantart\u00e1s\"}]},{\"@type\":\"WebSite\",\"@id\":\"https:\\\/\\\/grogersolution.com\\\/en\\\/#website\",\"url\":\"https:\\\/\\\/grogersolution.com\\\/en\\\/\",\"name\":\"Groger Solution\",\"description\":\"Web development and IT solutions\",\"publisher\":{\"@id\":\"https:\\\/\\\/grogersolution.com\\\/en\\\/#organization\"},\"potentialAction\":[{\"@type\":\"SearchAction\",\"target\":{\"@type\":\"EntryPoint\",\"urlTemplate\":\"https:\\\/\\\/grogersolution.com\\\/en\\\/?s={search_term_string}\"},\"query-input\":{\"@type\":\"PropertyValueSpecification\",\"valueRequired\":true,\"valueName\":\"search_term_string\"}}],\"inLanguage\":\"en-GB\"},{\"@type\":\"Organization\",\"@id\":\"https:\\\/\\\/grogersolution.com\\\/en\\\/#organization\",\"name\":\"Groger Solution\",\"url\":\"https:\\\/\\\/grogersolution.com\\\/en\\\/\",\"logo\":{\"@type\":\"ImageObject\",\"inLanguage\":\"en-GB\",\"@id\":\"https:\\\/\\\/grogersolution.com\\\/en\\\/#\\\/schema\\\/logo\\\/image\\\/\",\"url\":\"https:\\\/\\\/grogersolution.com\\\/wp-content\\\/uploads\\\/2024\\\/02\\\/logo-groger-solution.png\",\"contentUrl\":\"https:\\\/\\\/grogersolution.com\\\/wp-content\\\/uploads\\\/2024\\\/02\\\/logo-groger-solution.png\",\"width\":885,\"height\":162,\"caption\":\"Groger Solution\"},\"image\":{\"@id\":\"https:\\\/\\\/grogersolution.com\\\/en\\\/#\\\/schema\\\/logo\\\/image\\\/\"}}]}<\/script>\n<!-- \/ Yoast SEO plugin. -->","yoast_head_json":{"title":"Honlap karbantart\u00e1s - Groger Solution","robots":{"index":"index","follow":"follow","max-snippet":"max-snippet:-1","max-image-preview":"max-image-preview:large","max-video-preview":"max-video-preview:-1"},"canonical":"https:\/\/grogersolution.com\/en\/website-maintenance\/","og_locale":"en_GB","og_type":"article","og_title":"Honlap karbantart\u00e1s - Groger Solution","og_description":"V\u00edzi\u00f3nk A mai weboldalakn\u00e1l elengedhetetlen teend\u0151 a karbantart\u00e1s, friss\u00edt\u00e9s. Az elavult weboldalak biztons\u00e1gi r\u00e9seket, hib\u00e1kat tartalmaznak, amelyeket rosszindulat\u00fa hackerek k\u00f6nnyed\u00e9n ki tudnak haszn\u00e1lni. J\u00f3 esetben \"csak\" el\u00e9rhetetlenn\u00e9 teszik az oldalt, rosszabb esetben felhaszn\u00e1l\u00f3i adatok is kisziv\u00e1roghatnak. Ahhoz, hogy ezt megel\u0151zz\u00fckRead More","og_url":"https:\/\/grogersolution.com\/en\/website-maintenance\/","og_site_name":"Groger Solution","article_modified_time":"2024-09-18T08:36:30+00:00","og_image":[{"width":886,"height":163,"url":"https:\/\/grogersolution.com\/wp-content\/uploads\/2024\/02\/logo-1.png","type":"image\/png"}],"twitter_card":"summary_large_image","twitter_misc":{"Estimated reading time":"1 minute"},"schema":{"@context":"https:\/\/schema.org","@graph":[{"@type":"WebPage","@id":"https:\/\/grogersolution.com\/en\/website-maintenance\/","url":"https:\/\/grogersolution.com\/en\/website-maintenance\/","name":"Honlap karbantart\u00e1s - Groger Solution","isPartOf":{"@id":"https:\/\/grogersolution.com\/en\/#website"},"datePublished":"2024-04-02T07:41:00+00:00","dateModified":"2024-09-18T08:36:30+00:00","breadcrumb":{"@id":"https:\/\/grogersolution.com\/en\/website-maintenance\/#breadcrumb"},"inLanguage":"en-GB","potentialAction":[{"@type":"ReadAction","target":["https:\/\/grogersolution.com\/en\/website-maintenance\/"]}]},{"@type":"BreadcrumbList","@id":"https:\/\/grogersolution.com\/en\/website-maintenance\/#breadcrumb","itemListElement":[{"@type":"ListItem","position":1,"name":"Home","item":"https:\/\/grogersolution.com\/en\/"},{"@type":"ListItem","position":2,"name":"Honlap karbantart\u00e1s"}]},{"@type":"WebSite","@id":"https:\/\/grogersolution.com\/en\/#website","url":"https:\/\/grogersolution.com\/en\/","name":"Groger Solution","description":"Web development and IT solutions","publisher":{"@id":"https:\/\/grogersolution.com\/en\/#organization"},"potentialAction":[{"@type":"SearchAction","target":{"@type":"EntryPoint","urlTemplate":"https:\/\/grogersolution.com\/en\/?s={search_term_string}"},"query-input":{"@type":"PropertyValueSpecification","valueRequired":true,"valueName":"search_term_string"}}],"inLanguage":"en-GB"},{"@type":"Organization","@id":"https:\/\/grogersolution.com\/en\/#organization","name":"Groger Solution","url":"https:\/\/grogersolution.com\/en\/","logo":{"@type":"ImageObject","inLanguage":"en-GB","@id":"https:\/\/grogersolution.com\/en\/#\/schema\/logo\/image\/","url":"https:\/\/grogersolution.com\/wp-content\/uploads\/2024\/02\/logo-groger-solution.png","contentUrl":"https:\/\/grogersolution.com\/wp-content\/uploads\/2024\/02\/logo-groger-solution.png","width":885,"height":162,"caption":"Groger Solution"},"image":{"@id":"https:\/\/grogersolution.com\/en\/#\/schema\/logo\/image\/"}}]}},"_links":{"self":[{"href":"https:\/\/grogersolution.com\/en\/wp-json\/wp\/v2\/pages\/470","targetHints":{"allow":["GET"]}}],"collection":[{"href":"https:\/\/grogersolution.com\/en\/wp-json\/wp\/v2\/pages"}],"about":[{"href":"https:\/\/grogersolution.com\/en\/wp-json\/wp\/v2\/types\/page"}],"author":[{"embeddable":true,"href":"https:\/\/grogersolution.com\/en\/wp-json\/wp\/v2\/users\/1"}],"replies":[{"embeddable":true,"href":"https:\/\/grogersolution.com\/en\/wp-json\/wp\/v2\/comments?post=470"}],"version-history":[{"count":6,"href":"https:\/\/grogersolution.com\/en\/wp-json\/wp\/v2\/pages\/470\/revisions"}],"predecessor-version":[{"id":651,"href":"https:\/\/grogersolution.com\/en\/wp-json\/wp\/v2\/pages\/470\/revisions\/651"}],"wp:attachment":[{"href":"https:\/\/grogersolution.com\/en\/wp-json\/wp\/v2\/media?parent=470"}],"curies":[{"name":"wp","href":"https:\/\/api.w.org\/{rel}","templated":true}]}}