{"id":476,"date":"2024-04-02T07:44:24","date_gmt":"2024-04-02T07:44:24","guid":{"rendered":"https:\/\/grogersolution.hu\/?page_id=476"},"modified":"2024-09-02T15:11:12","modified_gmt":"2024-09-02T15:11:12","slug":"online-marketing","status":"publish","type":"page","link":"https:\/\/grogersolution.com\/en\/online-marketing\/","title":{"rendered":"Online marketing"},"content":{"rendered":"<div id=\"pl-476\"  class=\"panel-layout\" ><div id=\"pg-476-0\"  class=\"panel-grid panel-no-style\" ><div id=\"pgc-476-0-0\"  class=\"panel-grid-cell\" ><div id=\"panel-476-0-0-0\" class=\"so-panel widget widget_sow-headline panel-first-child\" data-index=\"0\" ><div class=\"panel-widget-style panel-widget-style-for-476-0-0-0\" ><div\n\t\t\t\n\t\t\tclass=\"so-widget-sow-headline so-widget-sow-headline-default-f4012ad9f7d2-476\"\n\t\t\t\n\t\t><div class=\"sow-headline-container\">\n\t\t\t\t\t\t\t<h1 class=\"sow-headline\">\n\t\t\t\t\t\tOur vision\t\t\t\t\t\t<\/h1>\n\t\t\t\t\t\t\t\t\t\t\t\t<p class=\"sow-sub-headline\">\n\t\t\t\t\t\tToday, the vast majority of people use the popular social media sites (e.g. Facebook, Instagram, TikTok) on a daily basis. Therefore, appearing on these platforms is essential if you want to promote your business more widely.\t\t\t\t\t\t<\/p>\n\t\t\t\t\t\t<\/div>\n<\/div><\/div><\/div><div id=\"panel-476-0-0-1\" class=\"so-panel widget widget_sow-headline panel-last-child\" data-index=\"1\" ><div class=\"panel-widget-style panel-widget-style-for-476-0-0-1\" ><div\n\t\t\t\n\t\t\tclass=\"so-widget-sow-headline so-widget-sow-headline-default-f4012ad9f7d2-476\"\n\t\t\t\n\t\t><div class=\"sow-headline-container\">\n\t\t\t\t\t\t\t<p class=\"sow-sub-headline\">\n\t\t\t\t\t\tAt GrogerSolution, we can create the general appearance of your business, and we can manage your business on the social media platforms: we create your page, maintain interest with regular postings, and ensure that your business reaches the target audience with targeted ads.\t\t\t\t\t\t<\/p>\n\t\t\t\t\t\t<\/div>\n<\/div><\/div><\/div><\/div><\/div><div id=\"pg-476-1\"  class=\"panel-grid panel-no-style\" ><div id=\"pgc-476-1-0\"  class=\"panel-grid-cell\" ><div id=\"panel-476-1-0-0\" class=\"so-panel widget widget_sow-button panel-first-child panel-last-child\" data-index=\"2\" ><div\n\t\t\t\n\t\t\tclass=\"so-widget-sow-button so-widget-sow-button-flat-52683cc0d9df-476\"\n\t\t\t\n\t\t><div class=\"ow-button-base ow-button-align-center\"\n>\n\t\t\t<a\n\t\t\t\t\thref=\"https:\/\/grogersolution.com\/en\/contact-us\/\"\n\t\t\t\t\tclass=\"sowb-button ow-icon-placement-left ow-button-hover\" \t>\n\t\t<span>\n\t\t\t\n\t\t\tContact us\t\t<\/span>\n\t\t\t<\/a>\n\t<\/div>\n<\/div><\/div><\/div><\/div><\/div>","protected":false},"excerpt":{"rendered":"<p>Our Vision Nowadays, the vast majority of people use popular social media sites (e.g. Facebook, Instagram, TikTok) on a daily basis. Therefore, being present on these platforms is essential if you want to promote your business to a wider audience. At GrogerSolution, we take care of the appearance and management of your business on these<a class=\"read-more\" href=\"https:\/\/grogersolution.com\/en\/online-marketing\/\">Read More<\/a><\/p>","protected":false},"author":1,"featured_media":0,"parent":0,"menu_order":0,"comment_status":"closed","ping_status":"closed","template":"","meta":{"_monsterinsights_skip_tracking":false,"_monsterinsights_sitenote_active":false,"_monsterinsights_sitenote_note":"","_monsterinsights_sitenote_category":0,"footnotes":""},"class_list":["post-476","page","type-page","status-publish","hentry"],"yoast_head":"<!-- This site is optimized with the Yoast SEO plugin v27.4 - https:\/\/yoast.com\/product\/yoast-seo-wordpress\/ -->\n<title>Online marketing - Groger Solution<\/title>\n<meta name=\"robots\" content=\"index, follow, max-snippet:-1, max-image-preview:large, max-video-preview:-1\" \/>\n<link rel=\"canonical\" href=\"https:\/\/grogersolution.com\/en\/online-marketing\/\" \/>\n<meta property=\"og:locale\" content=\"en_GB\" \/>\n<meta property=\"og:type\" content=\"article\" \/>\n<meta property=\"og:title\" content=\"Online marketing - Groger Solution\" \/>\n<meta property=\"og:description\" content=\"V\u00edzi\u00f3nk Manaps\u00e1g az emberek t\u00falnyom\u00f3 r\u00e9sze napi rendszeress\u00e9ggel haszn\u00e1lja a n\u00e9pszer\u0171 k\u00f6z\u00f6ss\u00e9gi oldalakat (pl Facebook, Instagram, TikTok). \u00cdgy ezeken a platformokon val\u00f3 megjelen\u00e9s is n\u00e9lk\u00fcl\u00f6zhetetlen, ha v\u00e1llalkoz\u00e1s\u00e1t sz\u00e9lesebb k\u00f6rben k\u00edv\u00e1nja n\u00e9pszer\u0171s\u00edteni. Mi a GrogerSolutionn\u00e9l v\u00e1llaljuk v\u00e1llalkoz\u00e1s\u00e1nak megjelen\u00e9s\u00e9t \u00e9s menedzsel\u00e9s\u00e9t ezekenRead More\" \/>\n<meta property=\"og:url\" content=\"https:\/\/grogersolution.com\/en\/online-marketing\/\" \/>\n<meta property=\"og:site_name\" content=\"Groger Solution\" \/>\n<meta property=\"article:modified_time\" content=\"2024-09-02T15:11:12+00:00\" \/>\n<meta property=\"og:image\" content=\"https:\/\/grogersolution.com\/wp-content\/uploads\/2024\/02\/logo-1.png\" \/>\n\t<meta property=\"og:image:width\" content=\"886\" \/>\n\t<meta property=\"og:image:height\" content=\"163\" \/>\n\t<meta property=\"og:image:type\" content=\"image\/png\" \/>\n<meta name=\"twitter:card\" content=\"summary_large_image\" \/>\n<meta name=\"twitter:label1\" content=\"Estimated reading time\" \/>\n\t<meta name=\"twitter:data1\" content=\"1 minute\" \/>\n<script type=\"application\/ld+json\" class=\"yoast-schema-graph\">{\"@context\":\"https:\\\/\\\/schema.org\",\"@graph\":[{\"@type\":\"WebPage\",\"@id\":\"https:\\\/\\\/grogersolution.com\\\/en\\\/online-marketing\\\/\",\"url\":\"https:\\\/\\\/grogersolution.com\\\/en\\\/online-marketing\\\/\",\"name\":\"Online marketing - Groger Solution\",\"isPartOf\":{\"@id\":\"https:\\\/\\\/grogersolution.com\\\/en\\\/#website\"},\"datePublished\":\"2024-04-02T07:44:24+00:00\",\"dateModified\":\"2024-09-02T15:11:12+00:00\",\"breadcrumb\":{\"@id\":\"https:\\\/\\\/grogersolution.com\\\/en\\\/online-marketing\\\/#breadcrumb\"},\"inLanguage\":\"en-GB\",\"potentialAction\":[{\"@type\":\"ReadAction\",\"target\":[\"https:\\\/\\\/grogersolution.com\\\/en\\\/online-marketing\\\/\"]}]},{\"@type\":\"BreadcrumbList\",\"@id\":\"https:\\\/\\\/grogersolution.com\\\/en\\\/online-marketing\\\/#breadcrumb\",\"itemListElement\":[{\"@type\":\"ListItem\",\"position\":1,\"name\":\"Home\",\"item\":\"https:\\\/\\\/grogersolution.com\\\/en\\\/\"},{\"@type\":\"ListItem\",\"position\":2,\"name\":\"Online marketing\"}]},{\"@type\":\"WebSite\",\"@id\":\"https:\\\/\\\/grogersolution.com\\\/en\\\/#website\",\"url\":\"https:\\\/\\\/grogersolution.com\\\/en\\\/\",\"name\":\"Groger Solution\",\"description\":\"Web development and IT solutions\",\"publisher\":{\"@id\":\"https:\\\/\\\/grogersolution.com\\\/en\\\/#organization\"},\"potentialAction\":[{\"@type\":\"SearchAction\",\"target\":{\"@type\":\"EntryPoint\",\"urlTemplate\":\"https:\\\/\\\/grogersolution.com\\\/en\\\/?s={search_term_string}\"},\"query-input\":{\"@type\":\"PropertyValueSpecification\",\"valueRequired\":true,\"valueName\":\"search_term_string\"}}],\"inLanguage\":\"en-GB\"},{\"@type\":\"Organization\",\"@id\":\"https:\\\/\\\/grogersolution.com\\\/en\\\/#organization\",\"name\":\"Groger Solution\",\"url\":\"https:\\\/\\\/grogersolution.com\\\/en\\\/\",\"logo\":{\"@type\":\"ImageObject\",\"inLanguage\":\"en-GB\",\"@id\":\"https:\\\/\\\/grogersolution.com\\\/en\\\/#\\\/schema\\\/logo\\\/image\\\/\",\"url\":\"https:\\\/\\\/grogersolution.com\\\/wp-content\\\/uploads\\\/2024\\\/02\\\/logo-groger-solution.png\",\"contentUrl\":\"https:\\\/\\\/grogersolution.com\\\/wp-content\\\/uploads\\\/2024\\\/02\\\/logo-groger-solution.png\",\"width\":885,\"height\":162,\"caption\":\"Groger Solution\"},\"image\":{\"@id\":\"https:\\\/\\\/grogersolution.com\\\/en\\\/#\\\/schema\\\/logo\\\/image\\\/\"}}]}<\/script>\n<!-- \/ Yoast SEO plugin. -->","yoast_head_json":{"title":"Online marketing - Groger Solution","robots":{"index":"index","follow":"follow","max-snippet":"max-snippet:-1","max-image-preview":"max-image-preview:large","max-video-preview":"max-video-preview:-1"},"canonical":"https:\/\/grogersolution.com\/en\/online-marketing\/","og_locale":"en_GB","og_type":"article","og_title":"Online marketing - Groger Solution","og_description":"V\u00edzi\u00f3nk Manaps\u00e1g az emberek t\u00falnyom\u00f3 r\u00e9sze napi rendszeress\u00e9ggel haszn\u00e1lja a n\u00e9pszer\u0171 k\u00f6z\u00f6ss\u00e9gi oldalakat (pl Facebook, Instagram, TikTok). \u00cdgy ezeken a platformokon val\u00f3 megjelen\u00e9s is n\u00e9lk\u00fcl\u00f6zhetetlen, ha v\u00e1llalkoz\u00e1s\u00e1t sz\u00e9lesebb k\u00f6rben k\u00edv\u00e1nja n\u00e9pszer\u0171s\u00edteni. Mi a GrogerSolutionn\u00e9l v\u00e1llaljuk v\u00e1llalkoz\u00e1s\u00e1nak megjelen\u00e9s\u00e9t \u00e9s menedzsel\u00e9s\u00e9t ezekenRead More","og_url":"https:\/\/grogersolution.com\/en\/online-marketing\/","og_site_name":"Groger Solution","article_modified_time":"2024-09-02T15:11:12+00:00","og_image":[{"width":886,"height":163,"url":"https:\/\/grogersolution.com\/wp-content\/uploads\/2024\/02\/logo-1.png","type":"image\/png"}],"twitter_card":"summary_large_image","twitter_misc":{"Estimated reading time":"1 minute"},"schema":{"@context":"https:\/\/schema.org","@graph":[{"@type":"WebPage","@id":"https:\/\/grogersolution.com\/en\/online-marketing\/","url":"https:\/\/grogersolution.com\/en\/online-marketing\/","name":"Online marketing - Groger Solution","isPartOf":{"@id":"https:\/\/grogersolution.com\/en\/#website"},"datePublished":"2024-04-02T07:44:24+00:00","dateModified":"2024-09-02T15:11:12+00:00","breadcrumb":{"@id":"https:\/\/grogersolution.com\/en\/online-marketing\/#breadcrumb"},"inLanguage":"en-GB","potentialAction":[{"@type":"ReadAction","target":["https:\/\/grogersolution.com\/en\/online-marketing\/"]}]},{"@type":"BreadcrumbList","@id":"https:\/\/grogersolution.com\/en\/online-marketing\/#breadcrumb","itemListElement":[{"@type":"ListItem","position":1,"name":"Home","item":"https:\/\/grogersolution.com\/en\/"},{"@type":"ListItem","position":2,"name":"Online marketing"}]},{"@type":"WebSite","@id":"https:\/\/grogersolution.com\/en\/#website","url":"https:\/\/grogersolution.com\/en\/","name":"Groger Solution","description":"Web development and IT solutions","publisher":{"@id":"https:\/\/grogersolution.com\/en\/#organization"},"potentialAction":[{"@type":"SearchAction","target":{"@type":"EntryPoint","urlTemplate":"https:\/\/grogersolution.com\/en\/?s={search_term_string}"},"query-input":{"@type":"PropertyValueSpecification","valueRequired":true,"valueName":"search_term_string"}}],"inLanguage":"en-GB"},{"@type":"Organization","@id":"https:\/\/grogersolution.com\/en\/#organization","name":"Groger Solution","url":"https:\/\/grogersolution.com\/en\/","logo":{"@type":"ImageObject","inLanguage":"en-GB","@id":"https:\/\/grogersolution.com\/en\/#\/schema\/logo\/image\/","url":"https:\/\/grogersolution.com\/wp-content\/uploads\/2024\/02\/logo-groger-solution.png","contentUrl":"https:\/\/grogersolution.com\/wp-content\/uploads\/2024\/02\/logo-groger-solution.png","width":885,"height":162,"caption":"Groger Solution"},"image":{"@id":"https:\/\/grogersolution.com\/en\/#\/schema\/logo\/image\/"}}]}},"_links":{"self":[{"href":"https:\/\/grogersolution.com\/en\/wp-json\/wp\/v2\/pages\/476","targetHints":{"allow":["GET"]}}],"collection":[{"href":"https:\/\/grogersolution.com\/en\/wp-json\/wp\/v2\/pages"}],"about":[{"href":"https:\/\/grogersolution.com\/en\/wp-json\/wp\/v2\/types\/page"}],"author":[{"embeddable":true,"href":"https:\/\/grogersolution.com\/en\/wp-json\/wp\/v2\/users\/1"}],"replies":[{"embeddable":true,"href":"https:\/\/grogersolution.com\/en\/wp-json\/wp\/v2\/comments?post=476"}],"version-history":[{"count":5,"href":"https:\/\/grogersolution.com\/en\/wp-json\/wp\/v2\/pages\/476\/revisions"}],"predecessor-version":[{"id":604,"href":"https:\/\/grogersolution.com\/en\/wp-json\/wp\/v2\/pages\/476\/revisions\/604"}],"wp:attachment":[{"href":"https:\/\/grogersolution.com\/en\/wp-json\/wp\/v2\/media?parent=476"}],"curies":[{"name":"wp","href":"https:\/\/api.w.org\/{rel}","templated":true}]}}