{"id":478,"date":"2024-04-02T07:44:49","date_gmt":"2024-04-02T07:44:49","guid":{"rendered":"https:\/\/grogersolution.hu\/?page_id=478"},"modified":"2024-09-18T08:36:16","modified_gmt":"2024-09-18T08:36:16","slug":"it-consulting","status":"publish","type":"page","link":"https:\/\/grogersolution.com\/en\/it-consulting\/","title":{"rendered":"IT consulting"},"content":{"rendered":"<div id=\"pl-478\"  class=\"panel-layout\" ><div id=\"pg-478-0\"  class=\"panel-grid panel-no-style\" ><div id=\"pgc-478-0-0\"  class=\"panel-grid-cell\" ><div id=\"panel-478-0-0-0\" class=\"so-panel widget widget_sow-headline panel-first-child\" data-index=\"0\" ><div class=\"panel-widget-style panel-widget-style-for-478-0-0-0\" ><div\n\t\t\t\n\t\t\tclass=\"so-widget-sow-headline so-widget-sow-headline-default-f4012ad9f7d2-478\"\n\t\t\t\n\t\t><div class=\"sow-headline-container\">\n\t\t\t\t\t\t\t<h1 class=\"sow-headline\">\n\t\t\t\t\t\tOur vision\t\t\t\t\t\t<\/h1>\n\t\t\t\t\t\t\t\t\t\t\t\t<p class=\"sow-sub-headline\">\n\t\t\t\t\t\tIf you would like to start something new or reorganize your current system, but you don&#039;t know how to start, feel free to contact us!\t\t\t\t\t\t<\/p>\n\t\t\t\t\t\t<\/div>\n<\/div><\/div><\/div><div id=\"panel-478-0-0-1\" class=\"so-panel widget widget_sow-headline panel-last-child\" data-index=\"1\" ><div class=\"panel-widget-style panel-widget-style-for-478-0-0-1\" ><div\n\t\t\t\n\t\t\tclass=\"so-widget-sow-headline so-widget-sow-headline-default-f4012ad9f7d2-478\"\n\t\t\t\n\t\t><div class=\"sow-headline-container\">\n\t\t\t\t\t\t\t<p class=\"sow-sub-headline\">\n\t\t\t\t\t\tDuring our IT consulting, we come up with a solution for any IT problem. We describe the various technologies and possibilities, the advantages and disadvantages of each approach. <br \/> We strive to find the best solution for your problem.\t\t\t\t\t\t<\/p>\n\t\t\t\t\t\t<\/div>\n<\/div><\/div><\/div><\/div><\/div><div id=\"pg-478-1\"  class=\"panel-grid panel-no-style\" ><div id=\"pgc-478-1-0\"  class=\"panel-grid-cell\" ><div id=\"panel-478-1-0-0\" class=\"so-panel widget widget_sow-button panel-first-child panel-last-child\" data-index=\"2\" ><div\n\t\t\t\n\t\t\tclass=\"so-widget-sow-button so-widget-sow-button-flat-52683cc0d9df-478\"\n\t\t\t\n\t\t><div class=\"ow-button-base ow-button-align-center\"\n>\n\t\t\t<a\n\t\t\t\t\thref=\"https:\/\/grogersolution.com\/en\/contact-us\/\"\n\t\t\t\t\tclass=\"sowb-button ow-icon-placement-left ow-button-hover\" \t>\n\t\t<span>\n\t\t\t\n\t\t\tContact us\t\t<\/span>\n\t\t\t<\/a>\n\t<\/div>\n<\/div><\/div><\/div><\/div><\/div>","protected":false},"excerpt":{"rendered":"<p>Our Vision If you are looking to start something new or reorganize your current system, but don&#039;t know how to start, contact us with confidence! During our IT consulting, we will find a solution to any IT problem. We will explain the different technologies, options, and the advantages and disadvantages of each approach.<a class=\"read-more\" href=\"https:\/\/grogersolution.com\/en\/it-consulting\/\">Read More<\/a><\/p>","protected":false},"author":1,"featured_media":0,"parent":0,"menu_order":0,"comment_status":"closed","ping_status":"closed","template":"","meta":{"_monsterinsights_skip_tracking":false,"_monsterinsights_sitenote_active":false,"_monsterinsights_sitenote_note":"","_monsterinsights_sitenote_category":0,"footnotes":""},"class_list":["post-478","page","type-page","status-publish","hentry"],"yoast_head":"<!-- This site is optimized with the Yoast SEO plugin v27.4 - https:\/\/yoast.com\/product\/yoast-seo-wordpress\/ -->\n<title>IT tan\u00e1csad\u00e1s - Groger Solution<\/title>\n<meta name=\"robots\" content=\"index, follow, max-snippet:-1, max-image-preview:large, max-video-preview:-1\" \/>\n<link rel=\"canonical\" href=\"https:\/\/grogersolution.com\/en\/it-consulting\/\" \/>\n<meta property=\"og:locale\" content=\"en_GB\" \/>\n<meta property=\"og:type\" content=\"article\" \/>\n<meta property=\"og:title\" content=\"IT tan\u00e1csad\u00e1s - Groger Solution\" \/>\n<meta property=\"og:description\" content=\"V\u00edzi\u00f3nk Amennyiben most v\u00e1gna bele valami \u00fajba, vagy \u00e1tszervezn\u00e9 jelenlegi rendszer\u00e9t, de nem tudja hogyan kezdjen neki, keressen minket bizalommal! IT tan\u00e1csad\u00e1sunk sor\u00e1n b\u00e1rmilyen informatikai probl\u00e9m\u00e1ra kital\u00e1lunk valamilyen megold\u00e1st. Ismertetj\u00fck a k\u00fcl\u00f6nb\u00f6z\u0151 teknol\u00f3gi\u00e1kat, lehet\u0151s\u00e9geket, az egyes megk\u00f6zel\u00edt\u00e9sek el\u0151nyeit, h\u00e1tr\u00e1nyait. ArraRead More\" \/>\n<meta property=\"og:url\" content=\"https:\/\/grogersolution.com\/en\/it-consulting\/\" \/>\n<meta property=\"og:site_name\" content=\"Groger Solution\" \/>\n<meta property=\"article:modified_time\" content=\"2024-09-18T08:36:16+00:00\" \/>\n<meta property=\"og:image\" content=\"https:\/\/grogersolution.com\/wp-content\/uploads\/2024\/02\/logo-1.png\" \/>\n\t<meta property=\"og:image:width\" content=\"886\" \/>\n\t<meta property=\"og:image:height\" content=\"163\" \/>\n\t<meta property=\"og:image:type\" content=\"image\/png\" \/>\n<meta name=\"twitter:card\" content=\"summary_large_image\" \/>\n<meta name=\"twitter:label1\" content=\"Estimated reading time\" \/>\n\t<meta name=\"twitter:data1\" content=\"1 minute\" \/>\n<script type=\"application\/ld+json\" class=\"yoast-schema-graph\">{\"@context\":\"https:\\\/\\\/schema.org\",\"@graph\":[{\"@type\":\"WebPage\",\"@id\":\"https:\\\/\\\/grogersolution.com\\\/en\\\/it-consulting\\\/\",\"url\":\"https:\\\/\\\/grogersolution.com\\\/en\\\/it-consulting\\\/\",\"name\":\"IT tan\u00e1csad\u00e1s - Groger Solution\",\"isPartOf\":{\"@id\":\"https:\\\/\\\/grogersolution.com\\\/en\\\/#website\"},\"datePublished\":\"2024-04-02T07:44:49+00:00\",\"dateModified\":\"2024-09-18T08:36:16+00:00\",\"breadcrumb\":{\"@id\":\"https:\\\/\\\/grogersolution.com\\\/en\\\/it-consulting\\\/#breadcrumb\"},\"inLanguage\":\"en-GB\",\"potentialAction\":[{\"@type\":\"ReadAction\",\"target\":[\"https:\\\/\\\/grogersolution.com\\\/en\\\/it-consulting\\\/\"]}]},{\"@type\":\"BreadcrumbList\",\"@id\":\"https:\\\/\\\/grogersolution.com\\\/en\\\/it-consulting\\\/#breadcrumb\",\"itemListElement\":[{\"@type\":\"ListItem\",\"position\":1,\"name\":\"Home\",\"item\":\"https:\\\/\\\/grogersolution.com\\\/en\\\/\"},{\"@type\":\"ListItem\",\"position\":2,\"name\":\"IT tan\u00e1csad\u00e1s\"}]},{\"@type\":\"WebSite\",\"@id\":\"https:\\\/\\\/grogersolution.com\\\/en\\\/#website\",\"url\":\"https:\\\/\\\/grogersolution.com\\\/en\\\/\",\"name\":\"Groger Solution\",\"description\":\"Web development and IT solutions\",\"publisher\":{\"@id\":\"https:\\\/\\\/grogersolution.com\\\/en\\\/#organization\"},\"potentialAction\":[{\"@type\":\"SearchAction\",\"target\":{\"@type\":\"EntryPoint\",\"urlTemplate\":\"https:\\\/\\\/grogersolution.com\\\/en\\\/?s={search_term_string}\"},\"query-input\":{\"@type\":\"PropertyValueSpecification\",\"valueRequired\":true,\"valueName\":\"search_term_string\"}}],\"inLanguage\":\"en-GB\"},{\"@type\":\"Organization\",\"@id\":\"https:\\\/\\\/grogersolution.com\\\/en\\\/#organization\",\"name\":\"Groger Solution\",\"url\":\"https:\\\/\\\/grogersolution.com\\\/en\\\/\",\"logo\":{\"@type\":\"ImageObject\",\"inLanguage\":\"en-GB\",\"@id\":\"https:\\\/\\\/grogersolution.com\\\/en\\\/#\\\/schema\\\/logo\\\/image\\\/\",\"url\":\"https:\\\/\\\/grogersolution.com\\\/wp-content\\\/uploads\\\/2024\\\/02\\\/logo-groger-solution.png\",\"contentUrl\":\"https:\\\/\\\/grogersolution.com\\\/wp-content\\\/uploads\\\/2024\\\/02\\\/logo-groger-solution.png\",\"width\":885,\"height\":162,\"caption\":\"Groger Solution\"},\"image\":{\"@id\":\"https:\\\/\\\/grogersolution.com\\\/en\\\/#\\\/schema\\\/logo\\\/image\\\/\"}}]}<\/script>\n<!-- \/ Yoast SEO plugin. -->","yoast_head_json":{"title":"IT tan\u00e1csad\u00e1s - Groger Solution","robots":{"index":"index","follow":"follow","max-snippet":"max-snippet:-1","max-image-preview":"max-image-preview:large","max-video-preview":"max-video-preview:-1"},"canonical":"https:\/\/grogersolution.com\/en\/it-consulting\/","og_locale":"en_GB","og_type":"article","og_title":"IT tan\u00e1csad\u00e1s - Groger Solution","og_description":"V\u00edzi\u00f3nk Amennyiben most v\u00e1gna bele valami \u00fajba, vagy \u00e1tszervezn\u00e9 jelenlegi rendszer\u00e9t, de nem tudja hogyan kezdjen neki, keressen minket bizalommal! IT tan\u00e1csad\u00e1sunk sor\u00e1n b\u00e1rmilyen informatikai probl\u00e9m\u00e1ra kital\u00e1lunk valamilyen megold\u00e1st. Ismertetj\u00fck a k\u00fcl\u00f6nb\u00f6z\u0151 teknol\u00f3gi\u00e1kat, lehet\u0151s\u00e9geket, az egyes megk\u00f6zel\u00edt\u00e9sek el\u0151nyeit, h\u00e1tr\u00e1nyait. ArraRead More","og_url":"https:\/\/grogersolution.com\/en\/it-consulting\/","og_site_name":"Groger Solution","article_modified_time":"2024-09-18T08:36:16+00:00","og_image":[{"width":886,"height":163,"url":"https:\/\/grogersolution.com\/wp-content\/uploads\/2024\/02\/logo-1.png","type":"image\/png"}],"twitter_card":"summary_large_image","twitter_misc":{"Estimated reading time":"1 minute"},"schema":{"@context":"https:\/\/schema.org","@graph":[{"@type":"WebPage","@id":"https:\/\/grogersolution.com\/en\/it-consulting\/","url":"https:\/\/grogersolution.com\/en\/it-consulting\/","name":"IT tan\u00e1csad\u00e1s - Groger Solution","isPartOf":{"@id":"https:\/\/grogersolution.com\/en\/#website"},"datePublished":"2024-04-02T07:44:49+00:00","dateModified":"2024-09-18T08:36:16+00:00","breadcrumb":{"@id":"https:\/\/grogersolution.com\/en\/it-consulting\/#breadcrumb"},"inLanguage":"en-GB","potentialAction":[{"@type":"ReadAction","target":["https:\/\/grogersolution.com\/en\/it-consulting\/"]}]},{"@type":"BreadcrumbList","@id":"https:\/\/grogersolution.com\/en\/it-consulting\/#breadcrumb","itemListElement":[{"@type":"ListItem","position":1,"name":"Home","item":"https:\/\/grogersolution.com\/en\/"},{"@type":"ListItem","position":2,"name":"IT tan\u00e1csad\u00e1s"}]},{"@type":"WebSite","@id":"https:\/\/grogersolution.com\/en\/#website","url":"https:\/\/grogersolution.com\/en\/","name":"Groger Solution","description":"Web development and IT solutions","publisher":{"@id":"https:\/\/grogersolution.com\/en\/#organization"},"potentialAction":[{"@type":"SearchAction","target":{"@type":"EntryPoint","urlTemplate":"https:\/\/grogersolution.com\/en\/?s={search_term_string}"},"query-input":{"@type":"PropertyValueSpecification","valueRequired":true,"valueName":"search_term_string"}}],"inLanguage":"en-GB"},{"@type":"Organization","@id":"https:\/\/grogersolution.com\/en\/#organization","name":"Groger Solution","url":"https:\/\/grogersolution.com\/en\/","logo":{"@type":"ImageObject","inLanguage":"en-GB","@id":"https:\/\/grogersolution.com\/en\/#\/schema\/logo\/image\/","url":"https:\/\/grogersolution.com\/wp-content\/uploads\/2024\/02\/logo-groger-solution.png","contentUrl":"https:\/\/grogersolution.com\/wp-content\/uploads\/2024\/02\/logo-groger-solution.png","width":885,"height":162,"caption":"Groger Solution"},"image":{"@id":"https:\/\/grogersolution.com\/en\/#\/schema\/logo\/image\/"}}]}},"_links":{"self":[{"href":"https:\/\/grogersolution.com\/en\/wp-json\/wp\/v2\/pages\/478","targetHints":{"allow":["GET"]}}],"collection":[{"href":"https:\/\/grogersolution.com\/en\/wp-json\/wp\/v2\/pages"}],"about":[{"href":"https:\/\/grogersolution.com\/en\/wp-json\/wp\/v2\/types\/page"}],"author":[{"embeddable":true,"href":"https:\/\/grogersolution.com\/en\/wp-json\/wp\/v2\/users\/1"}],"replies":[{"embeddable":true,"href":"https:\/\/grogersolution.com\/en\/wp-json\/wp\/v2\/comments?post=478"}],"version-history":[{"count":7,"href":"https:\/\/grogersolution.com\/en\/wp-json\/wp\/v2\/pages\/478\/revisions"}],"predecessor-version":[{"id":650,"href":"https:\/\/grogersolution.com\/en\/wp-json\/wp\/v2\/pages\/478\/revisions\/650"}],"wp:attachment":[{"href":"https:\/\/grogersolution.com\/en\/wp-json\/wp\/v2\/media?parent=478"}],"curies":[{"name":"wp","href":"https:\/\/api.w.org\/{rel}","templated":true}]}}